{"id":95,"date":"2021-04-22T19:36:49","date_gmt":"2021-04-22T19:36:49","guid":{"rendered":"https:\/\/chowgar.net\/?page_id=95"},"modified":"2024-07-18T11:47:56","modified_gmt":"2024-07-18T11:47:56","slug":"grading","status":"publish","type":"page","link":"https:\/\/chowgar.net\/de_de\/grading\/","title":{"rendered":"Grading"},"content":{"rendered":"\n<p class=\"has-medium-font-size\"><strong>Grading-System und Wartezeiten<\/strong><\/p>\n\n\n\n<p>Warum ein Grading-System mit Wartezeiten zwischen den einzelnen Stufen? Wir wollten eine gewisse Struktur darstellen. Als Grundlage dient das Pr\u00fcfungsprogramm von Sifu Paul Whitrod, das 10 Stufen beinhaltet. Sprich 6 Studenten-Grade, 3 Instruktoren-Grade (black belts) und den Sifu-Grad. <\/p>\n\n\n\n<p>Angelehnt an dieses System, ist der einzige Unterschied, dass wir die 3 Instruktoren-Grade und den Sifu-Grad in die 10 Duan\/Dan Grade (black belt) der anderen Kampfk\u00fcnste integriert haben. Somit bleibt die Grundidee der 10 Stufen der Ausbildung gem\u00e4ss Sifu Paul Whitrod erhalten. Wir haben f\u00fcr Kinder zus\u00e4tzlich 12 Kinder-Grade (12 Siu Kap) neu hinzugestellt.<\/p>\n\n\n\n<p>Zu dem wollten wir auch f\u00fcr Studenten und Lehrer einen \u00dcberblick schaffen um zu sehen wie ihr Grad im Chow Gar zu anderen Kampfk\u00fcnsten aus Japan, Vietnam und China steht. Das System besteht aus 12 Jugend-Graden (Siu Kap \/ 10 &#8211; 14 Jahre) und 6 Studenten-Graden (Kap ab 15 Jahren). Danach folgen die 10. Lehrer-Graden (Duan\/Dan). Theoretisch k\u00f6nnen f\u00fcr Kids (6 &#8211; 10 Jahr) noch 12 Kids-Grade gemacht werden.<\/p>\n\n\n\n<p><strong>Die Chow Gar United Organisation vergibt keine Grade oder Sch\u00e4rpen\/G\u00fcrtel!<\/strong> Wir anerkennen nur Grade welche von anerkannten Chow Gar Sifus und Lehrern an ihre eigenen Studenten verliehen wurden. Wir machen nur die Legitimation innerhalb unserer Organisation.<\/p>\n\n\n\n<p>Den jeweiligen Sifus ist es selbst \u00fcberlassen, welche Farben sie f\u00fcr die 6 Kap-Grade verwenden. Ebenso die Darstellung der Instruktoren- und Sifu-Grade.<\/p>\n\n\n\n<hr class=\"wp-block-separator has-css-opacity is-style-wide\"\/>\n\n\n\n<figure class=\"wp-block-image size-full\"><img loading=\"lazy\" decoding=\"async\" width=\"1150\" height=\"502\" src=\"https:\/\/chowgar.net\/wp-content\/uploads\/2021\/04\/snip_20210427184810.png\" alt=\"\" class=\"wp-image-326\" srcset=\"https:\/\/chowgar.net\/wp-content\/uploads\/2021\/04\/snip_20210427184810.png 1150w, https:\/\/chowgar.net\/wp-content\/uploads\/2021\/04\/snip_20210427184810-300x131.png 300w, https:\/\/chowgar.net\/wp-content\/uploads\/2021\/04\/snip_20210427184810-1024x447.png 1024w, https:\/\/chowgar.net\/wp-content\/uploads\/2021\/04\/snip_20210427184810-768x335.png 768w, https:\/\/chowgar.net\/wp-content\/uploads\/2021\/04\/snip_20210427184810-16x7.png 16w, https:\/\/chowgar.net\/wp-content\/uploads\/2021\/04\/snip_20210427184810-830x362.png 830w, https:\/\/chowgar.net\/wp-content\/uploads\/2021\/04\/snip_20210427184810-230x100.png 230w, https:\/\/chowgar.net\/wp-content\/uploads\/2021\/04\/snip_20210427184810-350x153.png 350w, https:\/\/chowgar.net\/wp-content\/uploads\/2021\/04\/snip_20210427184810-480x210.png 480w\" sizes=\"auto, (max-width: 1150px) 100vw, 1150px\" \/><\/figure>\n\n\n\n<hr class=\"wp-block-separator has-css-opacity is-style-wide\"\/>\n\n\n\n<p class=\"has-medium-font-size\"><strong>Gleichwertigkeit zu anderen Stilen und Kampfk\u00fcnsten<\/strong><\/p>\n\n\n\n<p>Angepasst wurden unsere Graduierungen an die anderen Kampfk\u00fcnste wie Judo, Karate, Vietvodao, usw. Das Erlangen einer Sch\u00e4rpe oder eines G\u00fcrtels soll nie das oberste Ziel der Kampfkunst sein, doch es soll die Studenten motivieren st\u00e4ndig im Programm weiterzukommen und stetig Neues hinzu zu lernen. Wartezeiten sollen auch den Aufwand hinter dem Kung Fu Training darstellen. Die Wartezeiten sollen die ungef\u00e4hre Zeit zwischen den Graden darstellen. Jeder Sifu kann diese Vorgaben gem\u00e4ss dem Tempo und dem K\u00f6nnen seiner Studenten selbst anpassen. Es soll ausserdem zeigen, dass nicht einfach ein neuer Grad ohne Aufwand erreicht werden kann. Denn Kung Fu heisst harte Arbeit.<\/p>\n\n\n\n<figure class=\"wp-block-image size-full\"><img loading=\"lazy\" decoding=\"async\" width=\"2488\" height=\"1583\" src=\"https:\/\/chowgar.net\/wp-content\/uploads\/2022\/10\/Screenshot-2022-10-04-165035.jpg\" alt=\"\" class=\"wp-image-616\" srcset=\"https:\/\/chowgar.net\/wp-content\/uploads\/2022\/10\/Screenshot-2022-10-04-165035.jpg 2488w, https:\/\/chowgar.net\/wp-content\/uploads\/2022\/10\/Screenshot-2022-10-04-165035-300x191.jpg 300w, https:\/\/chowgar.net\/wp-content\/uploads\/2022\/10\/Screenshot-2022-10-04-165035-1024x652.jpg 1024w, https:\/\/chowgar.net\/wp-content\/uploads\/2022\/10\/Screenshot-2022-10-04-165035-768x489.jpg 768w, https:\/\/chowgar.net\/wp-content\/uploads\/2022\/10\/Screenshot-2022-10-04-165035-1536x977.jpg 1536w, https:\/\/chowgar.net\/wp-content\/uploads\/2022\/10\/Screenshot-2022-10-04-165035-2048x1303.jpg 2048w, https:\/\/chowgar.net\/wp-content\/uploads\/2022\/10\/Screenshot-2022-10-04-165035-18x12.jpg 18w, https:\/\/chowgar.net\/wp-content\/uploads\/2022\/10\/Screenshot-2022-10-04-165035-1000x636.jpg 1000w, https:\/\/chowgar.net\/wp-content\/uploads\/2022\/10\/Screenshot-2022-10-04-165035-230x146.jpg 230w, https:\/\/chowgar.net\/wp-content\/uploads\/2022\/10\/Screenshot-2022-10-04-165035-350x223.jpg 350w, https:\/\/chowgar.net\/wp-content\/uploads\/2022\/10\/Screenshot-2022-10-04-165035-480x305.jpg 480w\" sizes=\"auto, (max-width: 2488px) 100vw, 2488px\" \/><\/figure>\n\n\n\n<hr class=\"wp-block-separator has-css-opacity is-style-wide\"\/>\n\n\n\n<figure class=\"wp-block-image size-full\"><img loading=\"lazy\" decoding=\"async\" width=\"2063\" height=\"1660\" src=\"https:\/\/chowgar.net\/wp-content\/uploads\/2022\/10\/Screenshot-2022-10-04-165236.jpg\" alt=\"\" class=\"wp-image-619\" srcset=\"https:\/\/chowgar.net\/wp-content\/uploads\/2022\/10\/Screenshot-2022-10-04-165236.jpg 2063w, https:\/\/chowgar.net\/wp-content\/uploads\/2022\/10\/Screenshot-2022-10-04-165236-300x241.jpg 300w, https:\/\/chowgar.net\/wp-content\/uploads\/2022\/10\/Screenshot-2022-10-04-165236-1024x824.jpg 1024w, https:\/\/chowgar.net\/wp-content\/uploads\/2022\/10\/Screenshot-2022-10-04-165236-768x618.jpg 768w, https:\/\/chowgar.net\/wp-content\/uploads\/2022\/10\/Screenshot-2022-10-04-165236-1536x1236.jpg 1536w, https:\/\/chowgar.net\/wp-content\/uploads\/2022\/10\/Screenshot-2022-10-04-165236-2048x1648.jpg 2048w, https:\/\/chowgar.net\/wp-content\/uploads\/2022\/10\/Screenshot-2022-10-04-165236-15x12.jpg 15w, https:\/\/chowgar.net\/wp-content\/uploads\/2022\/10\/Screenshot-2022-10-04-165236-1000x805.jpg 1000w, https:\/\/chowgar.net\/wp-content\/uploads\/2022\/10\/Screenshot-2022-10-04-165236-230x185.jpg 230w, https:\/\/chowgar.net\/wp-content\/uploads\/2022\/10\/Screenshot-2022-10-04-165236-350x282.jpg 350w, https:\/\/chowgar.net\/wp-content\/uploads\/2022\/10\/Screenshot-2022-10-04-165236-480x386.jpg 480w\" sizes=\"auto, (max-width: 2063px) 100vw, 2063px\" \/><\/figure>\n\n\n\n<hr class=\"wp-block-separator has-alpha-channel-opacity is-style-wide\"\/>\n","protected":false},"excerpt":{"rendered":"<p>Grading-System und Wartezeiten Warum ein Grading-System mit Wartezeiten zwischen den einzelnen Stufen? Wir wollten eine gewisse Struktur darstellen. Als Grundlage dient das [&hellip;]<\/p>\n","protected":false},"author":1,"featured_media":0,"parent":0,"menu_order":0,"comment_status":"closed","ping_status":"closed","template":"","meta":{"footnotes":""},"class_list":["post-95","page","type-page","status-publish","hentry"],"_links":{"self":[{"href":"https:\/\/chowgar.net\/de_de\/wp-json\/wp\/v2\/pages\/95","targetHints":{"allow":["GET"]}}],"collection":[{"href":"https:\/\/chowgar.net\/de_de\/wp-json\/wp\/v2\/pages"}],"about":[{"href":"https:\/\/chowgar.net\/de_de\/wp-json\/wp\/v2\/types\/page"}],"author":[{"embeddable":true,"href":"https:\/\/chowgar.net\/de_de\/wp-json\/wp\/v2\/users\/1"}],"replies":[{"embeddable":true,"href":"https:\/\/chowgar.net\/de_de\/wp-json\/wp\/v2\/comments?post=95"}],"version-history":[{"count":28,"href":"https:\/\/chowgar.net\/de_de\/wp-json\/wp\/v2\/pages\/95\/revisions"}],"predecessor-version":[{"id":719,"href":"https:\/\/chowgar.net\/de_de\/wp-json\/wp\/v2\/pages\/95\/revisions\/719"}],"wp:attachment":[{"href":"https:\/\/chowgar.net\/de_de\/wp-json\/wp\/v2\/media?parent=95"}],"curies":[{"name":"wp","href":"https:\/\/api.w.org\/{rel}","templated":true}]}}