{"id":8,"date":"2021-04-22T13:15:11","date_gmt":"2021-04-22T13:15:11","guid":{"rendered":"https:\/\/chowgar.net\/?page_id=8"},"modified":"2021-05-06T15:51:26","modified_gmt":"2021-05-06T15:51:26","slug":"chow-gar-united","status":"publish","type":"page","link":"https:\/\/chowgar.net\/de_de\/chow-gar-united\/","title":{"rendered":"Chow Gar United"},"content":{"rendered":"\n<p class=\"has-medium-font-size\"><strong>Wir wollen das Chow Gar Tong Long weltweit vereinigen<\/strong><\/p>\n\n\n\n<p>Chow Gar Hakka Tong Long United ist eine Organisation verschiedener Chow Gar Schulen weltweit. Unser Ziel ist es, ein Netzwerk aufzubauen um so viele Chow Gar Schulen wie m\u00f6glich einander n\u00e4her zu bringen. Ausserdem k\u00f6nnen wir durch diese Zusammenarbeit gemeinsame Ressourcen nutzen. Wir wollen im Sinne des Chow Gar Hakka Tong Long Kung Fu alle Schulen einander n\u00e4her bringen und eine Einheit bilden. Alle Interessierten Chow Gar Schulen k\u00f6nnen sie uns anschliessen.<\/p>\n\n\n\n<p><strong>Die Mitgliedschaft in der Chow Gar United ist f\u00fcr Chow Gar Schulen kostenlos<\/strong>. <\/p>\n\n\n\n<p><strong>Falls eine Chow Gar Schule Interesse zeigt uns bei zu treten oder irgendwelche Fragen hat, schreibt uns bitte eine Email: info@chowgar.ch<\/strong><\/p>\n","protected":false},"excerpt":{"rendered":"<p>Wir wollen das Chow Gar Tong Long weltweit vereinigen Chow Gar Hakka Tong Long United ist eine Organisation verschiedener Chow Gar Schulen [&hellip;]<\/p>\n","protected":false},"author":1,"featured_media":0,"parent":0,"menu_order":0,"comment_status":"closed","ping_status":"closed","template":"","meta":{"footnotes":""},"class_list":["post-8","page","type-page","status-publish","hentry"],"_links":{"self":[{"href":"https:\/\/chowgar.net\/de_de\/wp-json\/wp\/v2\/pages\/8","targetHints":{"allow":["GET"]}}],"collection":[{"href":"https:\/\/chowgar.net\/de_de\/wp-json\/wp\/v2\/pages"}],"about":[{"href":"https:\/\/chowgar.net\/de_de\/wp-json\/wp\/v2\/types\/page"}],"author":[{"embeddable":true,"href":"https:\/\/chowgar.net\/de_de\/wp-json\/wp\/v2\/users\/1"}],"replies":[{"embeddable":true,"href":"https:\/\/chowgar.net\/de_de\/wp-json\/wp\/v2\/comments?post=8"}],"version-history":[{"count":15,"href":"https:\/\/chowgar.net\/de_de\/wp-json\/wp\/v2\/pages\/8\/revisions"}],"predecessor-version":[{"id":406,"href":"https:\/\/chowgar.net\/de_de\/wp-json\/wp\/v2\/pages\/8\/revisions\/406"}],"wp:attachment":[{"href":"https:\/\/chowgar.net\/de_de\/wp-json\/wp\/v2\/media?parent=8"}],"curies":[{"name":"wp","href":"https:\/\/api.w.org\/{rel}","templated":true}]}}