{"id":7,"date":"2021-04-22T13:15:11","date_gmt":"2021-04-22T13:15:11","guid":{"rendered":"https:\/\/chowgar.net\/?page_id=7"},"modified":"2021-04-28T08:29:47","modified_gmt":"2021-04-28T08:29:47","slug":"chow-gar-kung-fu","status":"publish","type":"page","link":"https:\/\/chowgar.net\/de_de\/chow-gar-kung-fu\/","title":{"rendered":"Chow Gar Kung Fu"},"content":{"rendered":"\n<p class=\"has-medium-font-size\"><strong>Was ist Chow Gar Tong Long Kung Fu<\/strong><\/p>\n\n\n\n<p>Chow Gar Tong Long\u00a0Kung Fu (Mandarin: Zhou Jia Tang Lang) geh\u00f6rt zu den Stilen der s\u00fcdlichen Gottesanbeterin. Gegr\u00fcndet wurde dieser Stil durch Chow Anh Nam.\u00a0Chow Gar\u00a0ist wie Pak Mei oder Long Ying ein Hakka Stil. Die Hakkas sind eine ethnische Gruppe aus S\u00fcdchina. Hakka heisst so viel wie n\u00f6rdliche G\u00e4ste. Schlussendlich liessen sie sich in S\u00fcdchina nieder. Neben ihren Kampfk\u00fcnsten haben die Hakkas auch einen eigenen chinesischen Dialekt und eine eigene Kultur. Ihre Kampfstile sind schn\u00f6rkellos und auf Effektivit\u00e4t ausgelegt. Es dominieren vor allem die Handtechniken. Deswegen geh\u00f6rt das Chow Gar\u00a0zu den Kurzdistanzstilen. Neben Formentraining wird vor allem auf Abh\u00e4rtung, Zweimann-Drills, Selbstverteidigung, Waffen und auch Qi Gong \u00dcbungen (Atmungs\u00fcbungen) Wert gelegt. Gem\u00e4ss Legende soll Chow Anh Nam eine Gottesanbeterin im Kampf mit einem Vogel beobachtet haben und daraus einen abge\u00e4nderten Shaolin Stil entwickelt haben, welcher lange Zeit nur Wenigen unterrichtet wurde. Anfangs wurden nur Hakkas darin unterrichtet.\u00a0<\/p>\n","protected":false},"excerpt":{"rendered":"<p>Was ist Chow Gar Tong Long Kung Fu Chow Gar Tong Long\u00a0Kung Fu (Mandarin: Zhou Jia Tang Lang) geh\u00f6rt zu den Stilen [&hellip;]<\/p>\n","protected":false},"author":1,"featured_media":0,"parent":0,"menu_order":0,"comment_status":"closed","ping_status":"closed","template":"","meta":{"footnotes":""},"class_list":["post-7","page","type-page","status-publish","hentry"],"_links":{"self":[{"href":"https:\/\/chowgar.net\/de_de\/wp-json\/wp\/v2\/pages\/7","targetHints":{"allow":["GET"]}}],"collection":[{"href":"https:\/\/chowgar.net\/de_de\/wp-json\/wp\/v2\/pages"}],"about":[{"href":"https:\/\/chowgar.net\/de_de\/wp-json\/wp\/v2\/types\/page"}],"author":[{"embeddable":true,"href":"https:\/\/chowgar.net\/de_de\/wp-json\/wp\/v2\/users\/1"}],"replies":[{"embeddable":true,"href":"https:\/\/chowgar.net\/de_de\/wp-json\/wp\/v2\/comments?post=7"}],"version-history":[{"count":8,"href":"https:\/\/chowgar.net\/de_de\/wp-json\/wp\/v2\/pages\/7\/revisions"}],"predecessor-version":[{"id":330,"href":"https:\/\/chowgar.net\/de_de\/wp-json\/wp\/v2\/pages\/7\/revisions\/330"}],"wp:attachment":[{"href":"https:\/\/chowgar.net\/de_de\/wp-json\/wp\/v2\/media?parent=7"}],"curies":[{"name":"wp","href":"https:\/\/api.w.org\/{rel}","templated":true}]}}